{"id":4,"date":"2016-01-04T15:14:41","date_gmt":"2016-01-04T15:14:41","guid":{"rendered":"http:\/\/www.ogv-schussenried.de\/wordpress\/?page_id=4"},"modified":"2020-09-23T08:10:52","modified_gmt":"2020-09-23T07:10:52","slug":"vorstand","status":"publish","type":"page","link":"https:\/\/www.ogv-schussenried.de\/wordpress\/vorstand\/","title":{"rendered":"Vorstand"},"content":{"rendered":"<p>Die Vorstandschaft wird zur Zeit aus diesen Personen gestellt:<\/p>\n<table style=\"border: 0px solid #ddd;\" width=\"100%\">\n<tbody>\n<tr>\n<td style=\"padding: 0.5em 0; border: 0px; border-bottom: 2px solid #ddd;\">1. Vorstand:<\/td>\n<td style=\"padding: 0.5em 0; border: 0px; border-bottom: 2px solid #ddd;\">Armin M\u00fcller<\/td>\n<\/tr>\n<tr>\n<td style=\"padding: 0.5em 0; border: 0px; border-bottom: 2px solid #ddd;\">2. Vorstand:<\/td>\n<td style=\"padding: 0.5em 0; border: 0px; border-bottom: 2px solid #ddd;\">Gerhard Hescheler<\/td>\n<\/tr>\n<tr>\n<td style=\"padding: 0.5em 0; border: 0px; border-bottom: 2px solid #ddd;\">Kassiererin:<\/td>\n<td style=\"padding: 0.5em 0; border: 0px; border-bottom: 2px solid #ddd;\">Theresia Schwarz<\/td>\n<\/tr>\n<tr>\n<td style=\"padding: 0.5em 0; border: 0px; border-bottom: 2px solid #ddd;\" valign=\"top\">Kassenpr\u00fcfer:<\/td>\n<td style=\"padding: 0.5em 0; border: 0px; border-bottom: 2px solid #ddd;\">Claudia M\u00fcller<br \/>\nHorst Pfeifer<\/td>\n<\/tr>\n<tr>\n<td style=\"padding: 0.5em 0; border: 0px; border-bottom: 2px solid #ddd;\" valign=\"top\">Beisitz:<\/td>\n<td style=\"padding: 0.5em 0; border: 0px; border-bottom: 2px solid #ddd;\">Wolfgang Dangel<br \/>\nHildegard Fessler<br \/>\nDoris Heinzelmann<br \/>\nElisabeth Straub<\/td>\n<\/tr>\n<\/tbody>\n<\/table>\n","protected":false},"excerpt":{"rendered":"<p>Die Vorstandschaft wird zur Zeit aus diesen Personen gestellt: 1. Vorstand: Armin M\u00fcller 2. Vorstand: Gerhard Hescheler Kassiererin: Theresia Schwarz Kassenpr\u00fcfer: Claudia M\u00fcller Horst Pfeifer Beisitz: Wolfgang Dangel Hildegard Fessler <a href=\"https:\/\/www.ogv-schussenried.de\/wordpress\/vorstand\/\" class=\"more-link\">[&hellip;]<\/a><\/p>\n","protected":false},"author":1,"featured_media":0,"parent":0,"menu_order":0,"comment_status":"closed","ping_status":"closed","template":"","meta":{"Layout":"1c","footnotes":""},"class_list":["entry","author-oayqubqe","post-4","page","type-page","status-publish"],"_links":{"self":[{"href":"https:\/\/www.ogv-schussenried.de\/wordpress\/wp-json\/wp\/v2\/pages\/4","targetHints":{"allow":["GET"]}}],"collection":[{"href":"https:\/\/www.ogv-schussenried.de\/wordpress\/wp-json\/wp\/v2\/pages"}],"about":[{"href":"https:\/\/www.ogv-schussenried.de\/wordpress\/wp-json\/wp\/v2\/types\/page"}],"author":[{"embeddable":true,"href":"https:\/\/www.ogv-schussenried.de\/wordpress\/wp-json\/wp\/v2\/users\/1"}],"replies":[{"embeddable":true,"href":"https:\/\/www.ogv-schussenried.de\/wordpress\/wp-json\/wp\/v2\/comments?post=4"}],"version-history":[{"count":11,"href":"https:\/\/www.ogv-schussenried.de\/wordpress\/wp-json\/wp\/v2\/pages\/4\/revisions"}],"predecessor-version":[{"id":1017,"href":"https:\/\/www.ogv-schussenried.de\/wordpress\/wp-json\/wp\/v2\/pages\/4\/revisions\/1017"}],"wp:attachment":[{"href":"https:\/\/www.ogv-schussenried.de\/wordpress\/wp-json\/wp\/v2\/media?parent=4"}],"curies":[{"name":"wp","href":"https:\/\/api.w.org\/{rel}","templated":true}]}}