{"id":30,"date":"2016-01-04T15:51:11","date_gmt":"2016-01-04T15:51:11","guid":{"rendered":"http:\/\/www.ogv-schussenried.de\/wordpress\/?page_id=30"},"modified":"2020-04-24T15:59:48","modified_gmt":"2020-04-24T14:59:48","slug":"30-2","status":"publish","type":"page","link":"https:\/\/www.ogv-schussenried.de\/wordpress\/","title":{"rendered":"Startseite"},"content":{"rendered":"<p><img loading=\"lazy\" decoding=\"async\" class=\"alignleft wp-image-25 size-full\" src=\"\/\/ogv-schussenried.de\/wordpress\/wp-content\/uploads\/2016\/01\/logo.png\" alt=\"logo\" width=\"182\" height=\"44\"><\/p>\n<p>Herzlich willkommen auf unserer Seite, hier erfahren Sie einiges \u00fcber unseren Verein und einiges was Sie f\u00fcr Ihre g\u00e4rtnerische T\u00e4tigkeit wissen sollten.<\/p>\n<p>Die Obst- und Gartenbauvereine sch\u00fctzen und pflegen die Natur und die Umwelt, sie pr\u00e4gen Orte und gestalten unsere Heimat<\/p>\n\n\n<hr class=\"wp-block-separator\"\/>\n\n\n\n<p>Aktuelles:<\/p>\n\n\n<ul class=\"wp-block-latest-posts__list is-grid columns-3 alignleft wp-block-latest-posts\"><li><a class=\"wp-block-latest-posts__post-title\" href=\"https:\/\/www.ogv-schussenried.de\/wordpress\/blog\/2026\/03\/12\/gartenarbeiten-im-maerz\/\">Gartenarbeiten im M\u00e4rz<\/a><\/li>\n<li><a class=\"wp-block-latest-posts__post-title\" href=\"https:\/\/www.ogv-schussenried.de\/wordpress\/blog\/2026\/02\/13\/gartenarbeiten-im-februar\/\">Gartenarbeiten im Februar<\/a><\/li>\n<li><a class=\"wp-block-latest-posts__post-title\" href=\"https:\/\/www.ogv-schussenried.de\/wordpress\/blog\/2020\/10\/12\/heuer-blueht-das-metzgergaessle-ist-die-pracht-schon-vorbei\/\">Heuer bl\u00fcht das Metzgerg\u00e4ssle: Ist die Pracht schon vorbei?<\/a><\/li>\n<\/ul>","protected":false},"excerpt":{"rendered":"<p>Herzlich willkommen auf unserer Seite, hier erfahren Sie einiges \u00fcber unseren Verein und einiges was Sie f\u00fcr Ihre g\u00e4rtnerische T\u00e4tigkeit wissen sollten. Die Obst- und Gartenbauvereine sch\u00fctzen und pflegen die <a href=\"https:\/\/www.ogv-schussenried.de\/wordpress\/\" class=\"more-link\">[&hellip;]<\/a><\/p>\n","protected":false},"author":1,"featured_media":0,"parent":0,"menu_order":0,"comment_status":"closed","ping_status":"closed","template":"","meta":{"Layout":"2c-l","footnotes":""},"class_list":["entry","author-oayqubqe","post-30","page","type-page","status-publish"],"_links":{"self":[{"href":"https:\/\/www.ogv-schussenried.de\/wordpress\/wp-json\/wp\/v2\/pages\/30","targetHints":{"allow":["GET"]}}],"collection":[{"href":"https:\/\/www.ogv-schussenried.de\/wordpress\/wp-json\/wp\/v2\/pages"}],"about":[{"href":"https:\/\/www.ogv-schussenried.de\/wordpress\/wp-json\/wp\/v2\/types\/page"}],"author":[{"embeddable":true,"href":"https:\/\/www.ogv-schussenried.de\/wordpress\/wp-json\/wp\/v2\/users\/1"}],"replies":[{"embeddable":true,"href":"https:\/\/www.ogv-schussenried.de\/wordpress\/wp-json\/wp\/v2\/comments?post=30"}],"version-history":[{"count":12,"href":"https:\/\/www.ogv-schussenried.de\/wordpress\/wp-json\/wp\/v2\/pages\/30\/revisions"}],"predecessor-version":[{"id":972,"href":"https:\/\/www.ogv-schussenried.de\/wordpress\/wp-json\/wp\/v2\/pages\/30\/revisions\/972"}],"wp:attachment":[{"href":"https:\/\/www.ogv-schussenried.de\/wordpress\/wp-json\/wp\/v2\/media?parent=30"}],"curies":[{"name":"wp","href":"https:\/\/api.w.org\/{rel}","templated":true}]}}